{"id":220,"date":"2017-01-04T08:14:58","date_gmt":"2017-01-04T07:14:58","guid":{"rendered":"http:\/\/www.jordinavarro.es\/?page_id=220"},"modified":"2020-08-28T17:30:46","modified_gmt":"2020-08-28T15:30:46","slug":"galeria","status":"publish","type":"page","link":"https:\/\/www.jordinavarro.es\/en\/galeria\/","title":{"rendered":"Galer\u00eda"},"content":{"rendered":"<p><div class=\"fusion-fullwidth fullwidth-box fusion-builder-row-1 nonhundred-percent-fullwidth non-hundred-percent-height-scrolling\" style=\"background-color: rgba(255,255,255,0);background-position: center center;background-repeat: no-repeat;padding-top:0px;padding-right:0px;padding-bottom:0px;padding-left:0px;margin-bottom: 0px;margin-top: 0px;border-width: 0px 0px 0px 0px;border-color:#eae9e9;border-style:solid;\" ><div class=\"fusion-builder-row fusion-row\"><div class=\"fusion-layout-column fusion_builder_column fusion-builder-column-0 fusion_builder_column_1_1 1_1 fusion-one-full fusion-column-first fusion-column-last\" style=\"margin-top:0px;margin-bottom:0px;\"><div class=\"fusion-column-wrapper fusion-flex-column-wrapper-legacy\" style=\"background-position:left top;background-repeat:no-repeat;-webkit-background-size:cover;-moz-background-size:cover;-o-background-size:cover;background-size:cover;padding: 0px 0px 0px 0px;\"><div class=\"fusion-text fusion-text-1\"><p><\/p>\n<\/div><div class=\"fusion-clearfix\"><\/div><\/div><\/div><\/div><\/div><div class=\"fusion-fullwidth fullwidth-box fusion-builder-row-6 nonhundred-percent-fullwidth non-hundred-percent-height-scrolling\" style=\"background-color: rgba(255,255,255,0);background-position: center center;background-repeat: no-repeat;padding-top:0px;padding-right:0px;padding-bottom:20px;padding-left:0px;margin-bottom: 0px;margin-top: 0px;border-width: 0px 0px 0px 0px;border-color:#eae9e9;border-style:solid;\" ><div class=\"fusion-builder-row fusion-row\"><div class=\"fusion-layout-column fusion_builder_column fusion-builder-column-5 fusion_builder_column_1_1 1_1 fusion-one-full fusion-column-first fusion-column-last\" style=\"margin-top:0px;margin-bottom:20px;\"><div class=\"fusion-column-wrapper fusion-flex-column-wrapper-legacy\" style=\"background-position:left top;background-repeat:no-repeat;-webkit-background-size:cover;-moz-background-size:cover;-o-background-size:cover;background-size:cover;padding: 0px 0px 0px 0px;\"><style type=\"text\/css\"><\/style><div class=\"fusion-title title fusion-title-2 fusion-title-text fusion-title-size-two\" style=\"margin-top:0px;margin-bottom:0px;\"><h2 class=\"title-heading-left\" style=\"margin:0;\">PHOTOS<\/h2><div class=\"title-sep-container\"><div class=\"title-sep sep-double sep-solid\" style=\"border-color:#e0dede;\"><\/div><\/div><\/div><div class=\"fusion-clearfix\"><\/div><\/div><\/div><div class=\"fusion-layout-column fusion_builder_column fusion-builder-column-6 fusion_builder_column_1_1 1_1 fusion-one-full fusion-column-first fusion-column-last\" style=\"margin-top:0px;margin-bottom:0px;\"><div class=\"fusion-column-wrapper fusion-flex-column-wrapper-legacy\" style=\"background-position:left top;background-repeat:no-repeat;-webkit-background-size:cover;-moz-background-size:cover;-o-background-size:cover;background-size:cover;padding: 0px 0px 0px 0px;\"><div class=\"fusion-text fusion-text-4\"><p>Fotos: Neus Albero (<a href=\"https:\/\/www.instagram.com\/neusalberophoto\/\" target=\"_blank\" rel=\"noopener noreferrer\">@neusalberophoto<\/a>)<\/p>\n<\/div><div class=\"fusion-clearfix\"><\/div><\/div><\/div><div class=\"fusion-layout-column fusion_builder_column fusion-builder-column-7 fusion_builder_column_1_1 1_1 fusion-one-full fusion-column-first fusion-column-last\" style=\"margin-top:0px;margin-bottom:20px;\"><div class=\"fusion-column-wrapper fusion-flex-column-wrapper-legacy\" style=\"background-position:left top;background-repeat:no-repeat;-webkit-background-size:cover;-moz-background-size:cover;-o-background-size:cover;background-size:cover;padding: 0px 0px 0px 0px;\"><style type=\"text\/css\">.fusion-gallery-2 .fusion-gallery-image {border:0px solid #e2e2e2;}<\/style><div class=\"fusion-gallery fusion-gallery-container fusion-grid-3 fusion-columns-total-9 fusion-gallery-layout-grid fusion-gallery-2\" style=\"margin:-5px;\"><div style=\"padding:5px;\" class=\"fusion-grid-column fusion-gallery-column fusion-gallery-column-3 hover-type-zoomin\"><div class=\"fusion-gallery-image\"><a href=\"https:\/\/www.jordinavarro.es\/wp-content\/uploads\/2020\/08\/jordi-navarro-1.jpg\" data-caption=\"Foto: Neus Albero (@neusalberophoto)\" rel=\"noreferrer\" data-rel=\"iLightbox[gallery_image_2]\" class=\"fusion-lightbox\" target=\"_self\"><img loading=\"lazy\" src=\"https:\/\/www.jordinavarro.es\/wp-content\/uploads\/2020\/08\/jordi-navarro-1-460x295.jpg\" width=\"460\" height=\"295\" alt=\"\" title=\"jordi-navarro-1\" aria-label=\"jordi-navarro-1\" class=\"img-responsive wp-image-506\" \/><\/a><\/div><\/div><div style=\"padding:5px;\" class=\"fusion-grid-column fusion-gallery-column fusion-gallery-column-3 hover-type-zoomin\"><div class=\"fusion-gallery-image\"><a href=\"https:\/\/www.jordinavarro.es\/wp-content\/uploads\/2020\/08\/jordi-navarro-7.jpg\" data-caption=\"Foto: Neus Albero (@neusalberophoto)\" rel=\"noreferrer\" data-rel=\"iLightbox[gallery_image_2]\" class=\"fusion-lightbox\" target=\"_self\"><img loading=\"lazy\" src=\"https:\/\/www.jordinavarro.es\/wp-content\/uploads\/2020\/08\/jordi-navarro-7-460x295.jpg\" width=\"460\" height=\"295\" alt=\"\" title=\"Jordi Navarro\" aria-label=\"Jordi Navarro\" class=\"img-responsive wp-image-541\" \/><\/a><\/div><\/div><div style=\"padding:5px;\" class=\"fusion-grid-column fusion-gallery-column fusion-gallery-column-3 hover-type-zoomin\"><div class=\"fusion-gallery-image\"><a href=\"https:\/\/www.jordinavarro.es\/wp-content\/uploads\/2020\/08\/jordi-navarro-6.jpg\" data-caption=\"Foto: Neus Albero (@neusalberophoto)\" rel=\"noreferrer\" data-rel=\"iLightbox[gallery_image_2]\" class=\"fusion-lightbox\" target=\"_self\"><img loading=\"lazy\" src=\"https:\/\/www.jordinavarro.es\/wp-content\/uploads\/2020\/08\/jordi-navarro-6-460x295.jpg\" width=\"460\" height=\"295\" alt=\"\" title=\"jordi-navarro-6\" aria-label=\"jordi-navarro-6\" class=\"img-responsive wp-image-501\" \/><\/a><\/div><\/div><div class=\"clearfix\"><\/div><div style=\"padding:5px;\" class=\"fusion-grid-column fusion-gallery-column fusion-gallery-column-3 hover-type-zoomin\"><div class=\"fusion-gallery-image\"><a href=\"https:\/\/www.jordinavarro.es\/wp-content\/uploads\/2020\/08\/jordi-navarro-2.jpg\" data-caption=\"Foto: Neus Albero (@neusalberophoto)\" rel=\"noreferrer\" data-rel=\"iLightbox[gallery_image_2]\" class=\"fusion-lightbox\" target=\"_self\"><img loading=\"lazy\" src=\"https:\/\/www.jordinavarro.es\/wp-content\/uploads\/2020\/08\/jordi-navarro-2-460x295.jpg\" width=\"460\" height=\"295\" alt=\"\" title=\"jordi-navarro-2\" aria-label=\"jordi-navarro-2\" class=\"img-responsive wp-image-505\" \/><\/a><\/div><\/div><div style=\"padding:5px;\" class=\"fusion-grid-column fusion-gallery-column fusion-gallery-column-3 hover-type-zoomin\"><div class=\"fusion-gallery-image\"><a href=\"https:\/\/www.jordinavarro.es\/wp-content\/uploads\/2020\/08\/jordi-navarro-3.jpg\" data-caption=\"Foto: Neus Albero (@neusalberophoto)\" rel=\"noreferrer\" data-rel=\"iLightbox[gallery_image_2]\" class=\"fusion-lightbox\" target=\"_self\"><img loading=\"lazy\" src=\"https:\/\/www.jordinavarro.es\/wp-content\/uploads\/2020\/08\/jordi-navarro-3-460x295.jpg\" width=\"460\" height=\"295\" alt=\"\" title=\"jordi-navarro-3\" aria-label=\"jordi-navarro-3\" class=\"img-responsive wp-image-504\" \/><\/a><\/div><\/div><div style=\"padding:5px;\" class=\"fusion-grid-column fusion-gallery-column fusion-gallery-column-3 hover-type-zoomin\"><div class=\"fusion-gallery-image\"><a href=\"https:\/\/www.jordinavarro.es\/wp-content\/uploads\/2020\/08\/jordi-navarro-5.jpg\" data-caption=\"Foto: Neus Albero (@neusalberophoto)\" rel=\"noreferrer\" data-rel=\"iLightbox[gallery_image_2]\" class=\"fusion-lightbox\" target=\"_self\"><img loading=\"lazy\" src=\"https:\/\/www.jordinavarro.es\/wp-content\/uploads\/2020\/08\/jordi-navarro-5-460x295.jpg\" width=\"460\" height=\"295\" alt=\"\" title=\"jordi-navarro-5\" aria-label=\"jordi-navarro-5\" class=\"img-responsive wp-image-502\" \/><\/a><\/div><\/div><div class=\"clearfix\"><\/div><div style=\"padding:5px;\" class=\"fusion-grid-column fusion-gallery-column fusion-gallery-column-3 hover-type-zoomin\"><div class=\"fusion-gallery-image\"><a href=\"https:\/\/www.jordinavarro.es\/wp-content\/uploads\/2016\/11\/Jordi-Navarro-Director-de-Orquesta-tablet.jpg\" data-caption=\"Foto: Ion Buga\" rel=\"noreferrer\" data-rel=\"iLightbox[gallery_image_2]\" class=\"fusion-lightbox\" target=\"_self\"><img loading=\"lazy\" src=\"https:\/\/www.jordinavarro.es\/wp-content\/uploads\/2016\/11\/Jordi-Navarro-Director-de-Orquesta-tablet-460x295.jpg\" width=\"460\" height=\"295\" alt=\"\" title=\"Jordi Navarro &#8211; Director de Orquesta (tablet)\" aria-label=\"Jordi Navarro &#8211; Director de Orquesta (tablet)\" class=\"img-responsive wp-image-443\" \/><\/a><\/div><\/div><div style=\"padding:5px;\" class=\"fusion-grid-column fusion-gallery-column fusion-gallery-column-3 hover-type-zoomin\"><div class=\"fusion-gallery-image\"><a href=\"https:\/\/www.jordinavarro.es\/wp-content\/uploads\/2017\/01\/jordi-navarro-chaleco-blanco-zarzuela.jpg\" data-caption=\"Foto: Miguel Gald\u00f3n\" rel=\"noreferrer\" data-rel=\"iLightbox[gallery_image_2]\" class=\"fusion-lightbox\" target=\"_self\"><img loading=\"lazy\" src=\"https:\/\/www.jordinavarro.es\/wp-content\/uploads\/2017\/01\/jordi-navarro-chaleco-blanco-zarzuela-460x295.jpg\" width=\"460\" height=\"295\" alt=\"jordi-navarro-chaleco-blanco-zarzuela\" title=\"jordi-navarro-chaleco-blanco-zarzuela\" aria-label=\"jordi-navarro-chaleco-blanco-zarzuela\" class=\"img-responsive wp-image-309\" \/><\/a><\/div><\/div><div style=\"padding:5px;\" class=\"fusion-grid-column fusion-gallery-column fusion-gallery-column-3 hover-type-zoomin\"><div class=\"fusion-gallery-image\"><a href=\"https:\/\/www.jordinavarro.es\/wp-content\/uploads\/2017\/12\/Jordi-Navarro-Director-Orquesta-11.jpg\" data-caption=\"Foto: Ion Buga\" rel=\"noreferrer\" data-rel=\"iLightbox[gallery_image_2]\" class=\"fusion-lightbox\" target=\"_self\"><img loading=\"lazy\" src=\"https:\/\/www.jordinavarro.es\/wp-content\/uploads\/2017\/12\/Jordi-Navarro-Director-Orquesta-11-460x295.jpg\" width=\"460\" height=\"295\" alt=\"\" title=\"Jordi Navarro &#8211; Director Orquesta (11)\" aria-label=\"Jordi Navarro &#8211; Director Orquesta (11)\" class=\"img-responsive wp-image-447\" \/><\/a><\/div><\/div><div class=\"clearfix\"><\/div><\/div><div class=\"fusion-clearfix\"><\/div><\/div><\/div><\/div><\/div><div class=\"fusion-fullwidth fullwidth-box fusion-builder-row-7 nonhundred-percent-fullwidth non-hundred-percent-height-scrolling\" style=\"background-color: rgba(255,255,255,0);background-position: center center;background-repeat: no-repeat;padding-top:10px;padding-right:0px;padding-bottom:20px;padding-left:0px;margin-bottom: 0px;margin-top: 0px;border-width: 0px 0px 0px 0px;border-color:#eae9e9;border-style:solid;\" ><div class=\"fusion-builder-row fusion-row\"><div class=\"fusion-layout-column fusion_builder_column fusion-builder-column-8 fusion_builder_column_1_1 1_1 fusion-one-full fusion-column-first fusion-column-last\" style=\"margin-top:0px;margin-bottom:20px;\"><div class=\"fusion-column-wrapper fusion-flex-column-wrapper-legacy\" style=\"background-position:left top;background-repeat:no-repeat;-webkit-background-size:cover;-moz-background-size:cover;-o-background-size:cover;background-size:cover;padding: 0px 0px 0px 0px;\"><div class=\"fusion-align-block\"><style type=\"text\/css\">.fusion-button.button-2 {border-radius:2px;}<\/style><a class=\"fusion-button button-flat button-xlarge button-default button-2 fusion-button-span-yes fusion-button-default-type\" target=\"_blank\" rel=\"noopener noreferrer\" href=\"http:\/\/bit.ly\/fotos-jordi-navarro\"><i class=\" fa fa-download button-icon-left\" aria-hidden=\"true\"><\/i><span class=\"fusion-button-text\">Download HD Photos<\/span><\/a><\/div><div class=\"fusion-clearfix\"><\/div><\/div><\/div><\/div><\/div><div class=\"fusion-fullwidth fullwidth-box fusion-builder-row-8 nonhundred-percent-fullwidth non-hundred-percent-height-scrolling\" style=\"background-color: rgba(255,255,255,0);background-position: center center;background-repeat: no-repeat;padding-top:0px;padding-right:0px;padding-bottom:0px;padding-left:0px;margin-bottom: 0px;margin-top: 0px;border-width: 0px 0px 0px 0px;border-color:#eae9e9;border-style:solid;\" ><div class=\"fusion-builder-row fusion-row\"><div class=\"fusion-layout-column fusion_builder_column fusion-builder-column-9 fusion_builder_column_1_1 1_1 fusion-one-full fusion-column-first fusion-column-last\" style=\"margin-top:0px;margin-bottom:0px;\"><div class=\"fusion-column-wrapper fusion-flex-column-wrapper-legacy\" style=\"background-position:left top;background-repeat:no-repeat;-webkit-background-size:cover;-moz-background-size:cover;-o-background-size:cover;background-size:cover;padding: 0px 0px 0px 0px;\"><div class=\"fusion-text fusion-text-5\"><p><\/p>\n<\/div><div class=\"fusion-clearfix\"><\/div><\/div><\/div><\/div><\/div><\/p>","protected":false},"excerpt":{"rendered":"","protected":false},"author":1,"featured_media":506,"parent":0,"menu_order":0,"comment_status":"closed","ping_status":"closed","template":"100-width.php","meta":[],"yoast_head":"<!-- This site is optimized with the Yoast SEO plugin v14.8 - https:\/\/yoast.com\/wordpress\/plugins\/seo\/ -->\n<title>Galer\u00eda | Jordi Navarro | Director de Orquesta<\/title>\n<meta name=\"description\" content=\"Galer\u00eda fotogr\u00e1fica del director de orquesta y trombonista espa\u00f1ol Jordi Navarro.\" \/>\n<meta name=\"robots\" content=\"index, follow\" \/>\n<meta name=\"googlebot\" content=\"index, follow, max-snippet:-1, max-image-preview:large, max-video-preview:-1\" \/>\n<meta name=\"bingbot\" content=\"index, follow, max-snippet:-1, max-image-preview:large, max-video-preview:-1\" \/>\n<link rel=\"canonical\" href=\"http:\/\/www.jordinavarro.es\/galeria\/\" \/>\n<meta property=\"og:locale\" content=\"en_US\" \/>\n<meta property=\"og:type\" content=\"article\" \/>\n<meta property=\"og:title\" content=\"Galer\u00eda | Jordi Navarro | Director de Orquesta\" \/>\n<meta property=\"og:description\" content=\"Galer\u00eda fotogr\u00e1fica del director de orquesta y trombonista espa\u00f1ol Jordi Navarro.\" \/>\n<meta property=\"og:url\" content=\"http:\/\/www.jordinavarro.es\/galeria\/\" \/>\n<meta property=\"og:site_name\" content=\"Jordi Navarro | Director de Orquesta\" \/>\n<meta property=\"article:modified_time\" content=\"2020-08-28T15:30:46+00:00\" \/>\n<meta property=\"og:image\" content=\"https:\/\/www.jordinavarro.es\/wp-content\/uploads\/2020\/08\/jordi-navarro-1.jpg\" \/>\n\t<meta property=\"og:image:width\" content=\"800\" \/>\n\t<meta property=\"og:image:height\" content=\"1200\" \/>\n<meta name=\"twitter:card\" content=\"summary_large_image\" \/>\n<script type=\"application\/ld+json\" class=\"yoast-schema-graph\">{\"@context\":\"https:\/\/schema.org\",\"@graph\":[{\"@type\":\"WebSite\",\"@id\":\"https:\/\/www.jordinavarro.es\/en\/#website\",\"url\":\"https:\/\/www.jordinavarro.es\/en\/\",\"name\":\"Jordi Navarro | Director de Orquesta\",\"description\":\"Web del director de orquesta Jordi Navarro\",\"potentialAction\":[{\"@type\":\"SearchAction\",\"target\":\"https:\/\/www.jordinavarro.es\/en\/?s={search_term_string}\",\"query-input\":\"required name=search_term_string\"}],\"inLanguage\":\"en-US\"},{\"@type\":\"ImageObject\",\"@id\":\"http:\/\/www.jordinavarro.es\/galeria\/#primaryimage\",\"inLanguage\":\"en-US\",\"url\":\"https:\/\/www.jordinavarro.es\/wp-content\/uploads\/2020\/08\/jordi-navarro-1.jpg\",\"width\":800,\"height\":1200,\"caption\":\"Foto: Neus Albero (@neusalberophoto)\"},{\"@type\":\"WebPage\",\"@id\":\"http:\/\/www.jordinavarro.es\/galeria\/#webpage\",\"url\":\"http:\/\/www.jordinavarro.es\/galeria\/\",\"name\":\"Galer\\u00eda | Jordi Navarro | Director de Orquesta\",\"isPartOf\":{\"@id\":\"https:\/\/www.jordinavarro.es\/en\/#website\"},\"primaryImageOfPage\":{\"@id\":\"http:\/\/www.jordinavarro.es\/galeria\/#primaryimage\"},\"datePublished\":\"2017-01-04T07:14:58+00:00\",\"dateModified\":\"2020-08-28T15:30:46+00:00\",\"description\":\"Galer\\u00eda fotogr\\u00e1fica del director de orquesta y trombonista espa\\u00f1ol Jordi Navarro.\",\"inLanguage\":\"en-US\",\"potentialAction\":[{\"@type\":\"ReadAction\",\"target\":[\"http:\/\/www.jordinavarro.es\/galeria\/\"]}]}]}<\/script>\n<!-- \/ Yoast SEO plugin. -->","_links":{"self":[{"href":"https:\/\/www.jordinavarro.es\/en\/wp-json\/wp\/v2\/pages\/220"}],"collection":[{"href":"https:\/\/www.jordinavarro.es\/en\/wp-json\/wp\/v2\/pages"}],"about":[{"href":"https:\/\/www.jordinavarro.es\/en\/wp-json\/wp\/v2\/types\/page"}],"author":[{"embeddable":true,"href":"https:\/\/www.jordinavarro.es\/en\/wp-json\/wp\/v2\/users\/1"}],"replies":[{"embeddable":true,"href":"https:\/\/www.jordinavarro.es\/en\/wp-json\/wp\/v2\/comments?post=220"}],"version-history":[{"count":28,"href":"https:\/\/www.jordinavarro.es\/en\/wp-json\/wp\/v2\/pages\/220\/revisions"}],"predecessor-version":[{"id":552,"href":"https:\/\/www.jordinavarro.es\/en\/wp-json\/wp\/v2\/pages\/220\/revisions\/552"}],"wp:featuredmedia":[{"embeddable":true,"href":"https:\/\/www.jordinavarro.es\/en\/wp-json\/wp\/v2\/media\/506"}],"wp:attachment":[{"href":"https:\/\/www.jordinavarro.es\/en\/wp-json\/wp\/v2\/media?parent=220"}],"curies":[{"name":"wp","href":"https:\/\/api.w.org\/{rel}","templated":true}]}}